{"id":3472,"date":"2025-10-22T13:08:33","date_gmt":"2025-10-22T11:08:33","guid":{"rendered":"https:\/\/spinyourtalent.com\/about-me\/"},"modified":"2025-12-17T17:31:00","modified_gmt":"2025-12-17T16:31:00","slug":"about-me","status":"publish","type":"page","link":"https:\/\/spinyourtalent.com\/en\/about-me\/","title":{"rendered":"About me"},"content":{"rendered":"<div class=\"gb-container gb-container-ca0cbcbc\">\n<div class=\"gb-container gb-container-523e01ce\">\n<div class=\"gb-grid-wrapper gb-grid-wrapper-4a615270\">\n<div class=\"gb-grid-column gb-grid-column-aa21c91e\"><div class=\"gb-container gb-container-aa21c91e\">\n\n<h1 class=\"gb-headline gb-headline-a8cce45e gb-headline-text\">About me<\/h1>\n\n\n\n<p class=\"gb-headline gb-headline-c2a66cc0 gb-headline-text\">Hello, let me introduce myself:<br><br>I have been working in the <strong>\u201cHuman Resources\u201d area<\/strong> (People) all my life. I have reached <strong>management positions<\/strong> that a boy from a small town in Granada would never have imagined, and I have had <strong>responsibility<\/strong> over very diverse and distant geographical areas.<\/p>\n\n<\/div><\/div>\n\n<div class=\"gb-grid-column gb-grid-column-8c7498a3\"><div class=\"gb-container gb-container-8c7498a3\">\n<div class=\"wp-block-image\">\n<figure class=\"aligncenter size-full\"><img decoding=\"async\" width=\"1024\" height=\"1024\" src=\"https:\/\/spinyourtalent.com\/wp-content\/uploads\/2025\/11\/Jose-Manuel-Perez-Espin.png\" alt=\"Jos\u00e9 Manuel P\u00e9rez Esp\u00edn\" class=\"wp-image-3397\" srcset=\"https:\/\/spinyourtalent.com\/wp-content\/uploads\/2025\/11\/Jose-Manuel-Perez-Espin.png 1024w, https:\/\/spinyourtalent.com\/wp-content\/uploads\/2025\/11\/Jose-Manuel-Perez-Espin-300x300.png 300w, https:\/\/spinyourtalent.com\/wp-content\/uploads\/2025\/11\/Jose-Manuel-Perez-Espin-150x150.png 150w, https:\/\/spinyourtalent.com\/wp-content\/uploads\/2025\/11\/Jose-Manuel-Perez-Espin-768x768.png 768w\" sizes=\"(max-width: 1024px) 100vw, 1024px\" \/><\/figure>\n<\/div>\n<\/div><\/div>\n<\/div>\n<\/div>\n<div class=\"gb-shapes\"><div class=\"gb-shape gb-shape-1\"><svg xmlns=\"http:\/\/www.w3.org\/2000\/svg\" viewBox=\"0 0 1200 137.6\" preserveAspectRatio=\"none\"><path d=\"M0 137.6h1200V21.9l-66.7 26.7c-66.7 26.7-200 80-333.3 66.7S533.3 21.9 400 4.2C266.7-13.9 133.3 31.1 66.7 53L0 75.3v62.3z\"\/><\/svg><\/div><\/div><\/div>\n\n<div class=\"gb-container gb-container-98acb602\">\n<div class=\"gb-container gb-container-57f6ae85\">\n<div class=\"gb-grid-wrapper gb-grid-wrapper-acf898aa\">\n<div class=\"gb-grid-column gb-grid-column-5a25bf58\"><div class=\"gb-container gb-container-5a25bf58\">\n\n<p class=\"gb-headline gb-headline-d38d3e2c gb-headline-text\"><strong>I have seen everything in the corporate world:<\/strong> people I supported who became the leaders of an organization coming from the bottom, I have fired bad professionals who cheated in what they did or said. I have had conversations with <strong>people in high-responsibility positions<\/strong> living in paradisiacal areas begging me to return to their country because loneliness was turning them into alcoholics.<br><br>In short, throughout my career, I have witnessed the birth and death of great professionals. I am not just referring to the end of their careers, but, tragically, to their physical death.<\/p>\n\n<\/div><\/div>\n\n<div class=\"gb-grid-column gb-grid-column-c1803bbb\"><div class=\"gb-container gb-container-c1803bbb\">\n\n<p class=\"gb-headline gb-headline-c2260fc6 gb-headline-text\">So <strong>I have experienced everything<\/strong> and I can help you whether you are a professional in the People Area or any other area. If you are the former and need someone to advise and help you with employees, you are in the right place. If you are the latter, a successful professional in any area of the company and want to improve to gain more responsibility, or because your partner and children no longer recognize you at home and you want to see <strong>how to find that balance<\/strong>, I also attend to you directly. I will work with you so that you have the tools, skills, and knowledge necessary to take advantage of the opportunities that come your way, so that you, your children, or whoever you want, are proud of what you are doing and are successful, whatever success means to you.&nbsp;<\/p>\n\n<\/div><\/div>\n<\/div>\n<\/div>\n<div class=\"gb-shapes\"><div class=\"gb-shape gb-shape-1\"><svg xmlns=\"http:\/\/www.w3.org\/2000\/svg\" viewBox=\"0 0 1200 96.2\" preserveAspectRatio=\"none\"><path d=\"M0 96.2h1200V72.9l-50-8.9c-50-8.6-150-26.9-250-22.2C800 46.2 700 72.9 600 64 500 55.4 400 10.4 300 1.8 200-7.1 100 19.5 50 32.9L0 46.2v50z\"\/><\/svg><\/div><\/div><\/div>\n\n<div class=\"gb-container gb-container-49b604c6\">\n<div class=\"gb-container gb-container-b19fe9b8\">\n<div class=\"gb-grid-wrapper gb-grid-wrapper-b4afe957\">\n<div class=\"gb-grid-column gb-grid-column-47b5991c\"><div class=\"gb-container gb-container-47b5991c\">\n\n<p class=\"gb-headline gb-headline-626ec25e gb-headline-text\">To do this, I have prepared myself well. In addition to my experience, I have an <strong>MBA from IE<\/strong>, another in <strong>People Management from Complutense<\/strong>, I am certified in <strong>fitness by the Spanish wrestling federation<\/strong> (I&#8217;ll tell you what that&#8217;s for), I have a <strong>master&#8217;s degree in nutrition and health<\/strong> (idem), I am a <strong>licensed psychologist specializing in emotional intelligence<\/strong> and <strong>certified in change management<\/strong> (Prosci), Insights Discovery, and coaching (Diageo and J&amp;J).<br>&nbsp;<br>If you want to <strong>improve your life<\/strong> or that of someone around you, set aside 20 minutes and decide if you are interested in working with me. That first meeting is free, and it also helps me to know if it makes sense to work with you: I only work with people who really want to improve.<\/p>\n\n\n<div class=\"gb-container gb-container-baea213b\">\n\n<a class=\"gb-button gb-button-47dc71a0\" href=\"https:\/\/spinyourtalent.com\/en\/meeting\/\"><span class=\"gb-icon\"><svg xmlns:xlink=\"http:\/\/www.w3.org\/1999\/xlink\" xmlns=\"http:\/\/www.w3.org\/2000\/svg\" stroke=\"#fff\" xml:space=\"preserve\" viewBox=\"0 0 365.473 365.473\" id=\"Capa_1\" version=\"1.1\" width=\"200px\" height=\"200px\" fill=\"#fff\"><g stroke-width=\"0\" id=\"SVGRepo_bgCarrier\"><\/g><g stroke-linejoin=\"round\" stroke-linecap=\"round\" id=\"SVGRepo_tracerCarrier\"><\/g><g id=\"SVGRepo_iconCarrier\"> <path d=\"M4.029,46.205V24.266c0-4.971,4.114-8.705,9.085-8.705h69.915V9c0-4.971,4.029-9,9-9s9,4.029,9,9v6.561h140V9 c0-4.971,4.029-9,9-9s9,4.029,9,9v6.561h70.27c4.971,0,8.73,3.734,8.73,8.705v21.939c0,4.971-4.029,9-9,9s-9-4.029-9-9V33.561h-61 v5.967c0,4.971-4.029,9-9,9s-9-4.029-9-9v-5.967h-140v5.967c0,4.971-4.029,9-9,9s-9-4.029-9-9v-5.967h-61v12.644 c0,4.971-4.029,9-9,9S4.029,51.176,4.029,46.205z M361.444,284.249c0,44.789-36.439,81.224-81.228,81.224 c-44.79,0-81.228-36.445-81.228-81.234c0-34.795,21.994-64.565,52.807-76.112c-1.168-1.519-1.864-3.448-1.864-5.512 c0-4.971,4.029-9.054,9-9.054h42.57c4.971,0,9,4.083,9,9.054c0,2.064-0.695,4.02-1.864,5.539c7.485,2.805,14.451,6.684,20.707,11.45 l4.445-4.445c3.515-3.515,9.214-3.513,12.728,0c3.515,3.515,3.514,9.213,0,12.728l-4.136,4.135 C354.273,246.154,361.444,264.377,361.444,284.249z M343.444,284.252c0-34.864-28.364-63.229-63.228-63.229 c-34.864,0-63.228,28.364-63.228,63.229c0,34.864,28.364,63.228,63.228,63.228C315.08,347.479,343.444,319.116,343.444,284.252z M292.394,262.017l-3.365,3.272v-13.921c0-4.971-4.029-9-9-9s-9,4.029-9,9v35.65c0,1.225,0.338,2.392,0.781,3.456 c0.439,1.058,1.135,2.048,1.995,2.908c0.881,0.881,1.923,1.542,3.01,1.98c0.002,0.001,0.015,0.001,0.017,0.002 c0.004,0.002,0.014-0.222,0.019-0.22c0.949,0.382,1.984,0.417,3.061,0.417c0.006,0,0.011,0,0.019,0c0.095,0,0.19,0.004,0.286,0.004 s0.19-0.004,0.285-0.004c0.006,0,0.013,0,0.019,0c1.096,0,2.142-0.043,3.104-0.437c1.076-0.439,2.084-0.983,2.957-1.856 l18.636-18.58c3.515-3.515,3.467-9.185-0.047-12.7C301.654,258.473,295.909,258.502,292.394,262.017z M196.534,231.561 c0,4.971-4.029,9-9,9h-7.505v66.138c0,4.971-3.941,8.966-8.912,8.966c-0.303,0-0.514-0.05-0.809-0.078 c-0.295,0.029-0.595-0.025-0.897-0.025H13.114c-4.971,0-9.085-3.892-9.085-8.862V80.369v-0.002c0-4.971,4.114-8.806,9.085-8.806 h316.185c4.971,0,8.73,3.835,8.73,8.806v97.588c0,4.971-4.029,9-9,9s-9-4.029-9-9v-13.394h-61v0.769c0,4.971-4.029,9-9,9 s-9-4.029-9-9v-0.769h-61v58h7.505C192.505,222.561,196.534,226.59,196.534,231.561z M83.029,240.561h-61v57h61V240.561z M83.029,164.561h-61v58h61V164.561z M162.029,240.561h-61v57h61V240.561z M162.029,164.561h-61v58h61V164.561z M180.029,109.228 v37.333h61v-37.333c0-4.971,4.029-9,9-9s9,4.029,9,9v37.333h61v-57h-298v57h61v-37.333c0-4.971,4.029-9,9-9s9,4.029,9,9v37.333h61 v-37.333c0-4.971,4.029-9,9-9S180.029,104.257,180.029,109.228z\"><\/path> <\/g><\/svg><\/span><span class=\"gb-button-text\"><strong>Schedule a 20-minute meeting<\/strong><\/span><\/a>\n\n\n\n<a class=\"gb-button gb-button-fcd7efa4\" href=\"https:\/\/wa.me\/661404344\/\"><span class=\"gb-icon\"><svg xmlns:xlink=\"http:\/\/www.w3.org\/1999\/xlink\" xmlns=\"http:\/\/www.w3.org\/2000\/svg\" fill=\"#000000\" version=\"1.1\" viewBox=\"0 0 48 48\"><g stroke-width=\"0\" id=\"SVGRepo_bgCarrier\"><\/g><g stroke-linejoin=\"round\" stroke-linecap=\"round\" id=\"SVGRepo_tracerCarrier\"><\/g><g id=\"SVGRepo_iconCarrier\"> <title>Whatsapp-color<\/title> <desc>Created with Sketch.<\/desc> <defs> <\/defs> <g fill-rule=\"evenodd\" fill=\"none\" stroke-width=\"1\" stroke=\"none\" id=\"Icons\"> <g fill=\"#67C15E\" transform=\"translate(-700.000000, -360.000000)\" id=\"Color-\"> <path id=\"Whatsapp\" d=\"M723.993033,360 C710.762252,360 700,370.765287 700,383.999801 C700,389.248451 701.692661,394.116025 704.570026,398.066947 L701.579605,406.983798 L710.804449,404.035539 C714.598605,406.546975 719.126434,408 724.006967,408 C737.237748,408 748,397.234315 748,384.000199 C748,370.765685 737.237748,360.000398 724.006967,360.000398 L723.993033,360.000398 L723.993033,360 Z M717.29285,372.190836 C716.827488,371.07628 716.474784,371.034071 715.769774,371.005401 C715.529728,370.991464 715.262214,370.977527 714.96564,370.977527 C714.04845,370.977527 713.089462,371.245514 712.511043,371.838033 C711.806033,372.557577 710.056843,374.23638 710.056843,377.679202 C710.056843,381.122023 712.567571,384.451756 712.905944,384.917648 C713.258648,385.382743 717.800808,392.55031 724.853297,395.471492 C730.368379,397.757149 732.00491,397.545307 733.260074,397.27732 C735.093658,396.882308 737.393002,395.527239 737.971421,393.891043 C738.54984,392.25405 738.54984,390.857171 738.380255,390.560912 C738.211068,390.264652 737.745308,390.095816 737.040298,389.742615 C736.335288,389.389811 732.90737,387.696673 732.25849,387.470894 C731.623543,387.231179 731.017259,387.315995 730.537963,387.99333 C729.860819,388.938653 729.198006,389.89831 728.661785,390.476494 C728.238619,390.928051 727.547144,390.984595 726.969123,390.744481 C726.193254,390.420348 724.021298,389.657798 721.340985,387.273388 C719.267356,385.42535 717.856938,383.125756 717.448104,382.434484 C717.038871,381.729275 717.405907,381.319529 717.729948,380.938852 C718.082653,380.501232 718.421026,380.191036 718.77373,379.781688 C719.126434,379.372738 719.323884,379.160897 719.549599,378.681068 C719.789645,378.215575 719.62006,377.735746 719.450874,377.382942 C719.281687,377.030139 717.871269,373.587317 717.29285,372.190836 Z\"> <\/path> <\/g> <\/g> <\/g><\/svg><\/span><span class=\"gb-button-text\"><strong>Write me on WhatsApp<\/strong><\/span><\/a>\n\n<\/div>\n<\/div><\/div>\n\n<div class=\"gb-grid-column gb-grid-column-03b7acec\"><div class=\"gb-container gb-container-03b7acec\">\n\n<figure class=\"gb-block-image gb-block-image-b1b06ef5\"><img decoding=\"async\" class=\"gb-image gb-image-b1b06ef5\" src=\"https:\/\/spinyourtalent.com\/wp-content\/uploads\/2025\/11\/jose-manuel.svg\" alt=\"About Jose Manuel\" title=\"About Jose Manuel\"\/><\/figure>\n\n<\/div><\/div>\n<\/div>\n<\/div>\n<\/div>","protected":false},"excerpt":{"rendered":"","protected":false},"author":1,"featured_media":0,"parent":0,"menu_order":0,"comment_status":"closed","ping_status":"closed","template":"","meta":{"inline_featured_image":false,"footnotes":""},"class_list":{"0":"post-3472","1":"page","2":"type-page","3":"status-publish","5":"no-featured-image-padding"},"_links":{"self":[{"href":"https:\/\/spinyourtalent.com\/en\/wp-json\/wp\/v2\/pages\/3472","targetHints":{"allow":["GET"]}}],"collection":[{"href":"https:\/\/spinyourtalent.com\/en\/wp-json\/wp\/v2\/pages"}],"about":[{"href":"https:\/\/spinyourtalent.com\/en\/wp-json\/wp\/v2\/types\/page"}],"author":[{"embeddable":true,"href":"https:\/\/spinyourtalent.com\/en\/wp-json\/wp\/v2\/users\/1"}],"replies":[{"embeddable":true,"href":"https:\/\/spinyourtalent.com\/en\/wp-json\/wp\/v2\/comments?post=3472"}],"version-history":[{"count":0,"href":"https:\/\/spinyourtalent.com\/en\/wp-json\/wp\/v2\/pages\/3472\/revisions"}],"wp:attachment":[{"href":"https:\/\/spinyourtalent.com\/en\/wp-json\/wp\/v2\/media?parent=3472"}],"curies":[{"name":"wp","href":"https:\/\/api.w.org\/{rel}","templated":true}]}}